{"id":717,"date":"2025-02-21T11:49:27","date_gmt":"2025-02-21T11:49:27","guid":{"rendered":"https:\/\/psihologterapeutiasi.ro\/index.php\/cos\/"},"modified":"2025-03-12T14:47:18","modified_gmt":"2025-03-12T14:47:18","slug":"cos","status":"publish","type":"page","link":"https:\/\/psihologterapeutiasi.ro\/index.php\/cos\/","title":{"rendered":"Co\u0219"},"content":{"rendered":"\n<div data-block-name=\"woocommerce\/cart\" class=\"wp-block-woocommerce-cart alignwide is-loading\">\n<div data-block-name=\"woocommerce\/filled-cart-block\" class=\"wp-block-woocommerce-filled-cart-block\">\n<div data-block-name=\"woocommerce\/cart-items-block\" class=\"wp-block-woocommerce-cart-items-block\">\n<div data-block-name=\"woocommerce\/cart-line-items-block\" class=\"wp-block-woocommerce-cart-line-items-block\"><\/div>\n\n\n\n<div data-block-name=\"woocommerce\/cart-cross-sells-block\" class=\"wp-block-woocommerce-cart-cross-sells-block\">\n<h2 class=\"wp-block-heading has-large-font-size\">S-ar putea s\u0103 te intereseze&#8230;<\/h2>\n\n\n\n<div data-block-name=\"woocommerce\/cart-cross-sells-products-block\" class=\"wp-block-woocommerce-cart-cross-sells-products-block\"><\/div>\n<\/div>\n<\/div>\n\n\n\n<div data-block-name=\"woocommerce\/cart-totals-block\" class=\"wp-block-woocommerce-cart-totals-block\">\n<div data-block-name=\"woocommerce\/cart-order-summary-block\" class=\"wp-block-woocommerce-cart-order-summary-block\">\n<div data-block-name=\"woocommerce\/cart-order-summary-heading-block\" class=\"wp-block-woocommerce-cart-order-summary-heading-block\"><\/div><div data-block-name=\"woocommerce\/cart-order-summary-coupon-form-block\" class=\"wp-block-woocommerce-cart-order-summary-coupon-form-block\"><\/div><div data-block-name=\"woocommerce\/cart-order-summary-totals-block\" class=\"wp-block-woocommerce-cart-order-summary-totals-block\">\n<div data-block-name=\"woocommerce\/cart-order-summary-subtotal-block\" class=\"wp-block-woocommerce-cart-order-summary-subtotal-block\"><\/div>\n<div data-block-name=\"woocommerce\/cart-order-summary-discount-block\" class=\"wp-block-woocommerce-cart-order-summary-discount-block\"><\/div>\n<div data-block-name=\"woocommerce\/cart-order-summary-fee-block\" class=\"wp-block-woocommerce-cart-order-summary-fee-block\"><\/div>\n<div data-block-name=\"woocommerce\/cart-order-summary-shipping-block\" class=\"wp-block-woocommerce-cart-order-summary-shipping-block\"><\/div>\n<div data-block-name=\"woocommerce\/cart-order-summary-taxes-block\" class=\"wp-block-woocommerce-cart-order-summary-taxes-block\"><\/div><\/div>\n<\/div>\n\n\n\n<div data-block-name=\"woocommerce\/cart-express-payment-block\" class=\"wp-block-woocommerce-cart-express-payment-block\"><\/div>\n\n\n\n<div data-block-name=\"woocommerce\/proceed-to-checkout-block\" class=\"wp-block-woocommerce-proceed-to-checkout-block\"><\/div>\n\n\n\n<div data-block-name=\"woocommerce\/cart-accepted-payment-methods-block\" class=\"wp-block-woocommerce-cart-accepted-payment-methods-block\"><\/div>\n<\/div>\n<\/div>\n\n\n\n<div data-block-name=\"woocommerce\/empty-cart-block\" class=\"wp-block-woocommerce-empty-cart-block\">\n<h2 class=\"wp-block-heading has-text-align-center with-empty-cart-icon wc-block-cart__empty-cart__title\">Co\u0219ul t\u0103u este gol acum!<\/h2>\n\n\n\n<hr class=\"wp-block-separator has-alpha-channel-opacity is-style-dots\"\/>\n\n\n\n<h2 class=\"wp-block-heading has-text-align-center\">Nout\u0103\u021bi \u00een magazin<\/h2>\n\n\n<div data-block-name=\"woocommerce\/product-new\" data-columns=\"4\" data-rows=\"1\" class=\"wc-block-grid wp-block-product-new wp-block-woocommerce-product-new wc-block-product-new has-4-columns\"><ul class=\"wc-block-grid__products\"><li class=\"wc-block-grid__product\">\n\t\t\t\t<a href=\"https:\/\/psihologterapeutiasi.ro\/index.php\/produs\/cum-sa-ti-imbunatatesti-comunicarea-in-cuplu-folosind-cele-5-limbaje-ale-iubirii\/\" class=\"wc-block-grid__product-link\">\n\t\t\t\t\t\n\t\t\t\t\t<div class=\"wc-block-grid__product-image\"><img loading=\"lazy\" decoding=\"async\" width=\"300\" height=\"300\" src=\"https:\/\/psihologterapeutiasi.ro\/wp-content\/uploads\/2025\/03\/photo_2026-01-02_12-35-41-300x300.jpg\" class=\"attachment-woocommerce_thumbnail size-woocommerce_thumbnail\" alt=\"Manual de traducere \u00een cuplu. De la certuri la conectare\" srcset=\"https:\/\/psihologterapeutiasi.ro\/wp-content\/uploads\/2025\/03\/photo_2026-01-02_12-35-41-300x300.jpg 300w, https:\/\/psihologterapeutiasi.ro\/wp-content\/uploads\/2025\/03\/photo_2026-01-02_12-35-41-150x150.jpg 150w, https:\/\/psihologterapeutiasi.ro\/wp-content\/uploads\/2025\/03\/photo_2026-01-02_12-35-41-100x100.jpg 100w\" sizes=\"auto, (max-width: 300px) 100vw, 300px\" \/><\/div>\n\t\t\t\t\t<div class=\"wc-block-grid__product-title\">Manual de traducere \u00een cuplu. De la certuri la conectare<\/div>\n\t\t\t\t<\/a>\n\t\t\t\t<div class=\"wc-block-grid__product-price price\"><span class=\"woocommerce-Price-amount amount\">87,00&nbsp;<span class=\"woocommerce-Price-currencySymbol\">lei<\/span><\/span><\/div>\n\t\t\t\t\n\t\t\t\t<div class=\"wp-block-button wc-block-grid__product-add-to-cart\"><a href=\"\/index.php\/wp-json\/wp\/v2\/pages\/717?add-to-cart=804\" aria-label=\"Adaug\u0103 \u00een co\u0219: &amp;lbquo;Manual de traducere \u00een cuplu. De la certuri la conectare&rdquo;\" data-quantity=\"1\" data-product_id=\"804\" data-product_sku=\"\" data-price=\"87\" rel=\"nofollow\" class=\"wp-block-button__link  add_to_cart_button ajax_add_to_cart\">Adaug\u0103 \u00een co\u0219<\/a><\/div>\n\t\t\t<\/li><li class=\"wc-block-grid__product\">\n\t\t\t\t<a href=\"https:\/\/psihologterapeutiasi.ro\/index.php\/produs\/traind-cu-schizofrenia\/\" class=\"wc-block-grid__product-link\">\n\t\t\t\t\t\n\t\t\t\t\t<div class=\"wc-block-grid__product-image\"><img loading=\"lazy\" decoding=\"async\" width=\"300\" height=\"300\" src=\"https:\/\/psihologterapeutiasi.ro\/wp-content\/uploads\/2025\/03\/Traind-cu-schizofrenia-CARTE-300x300.jpg\" class=\"attachment-woocommerce_thumbnail size-woocommerce_thumbnail\" alt=\"Tr\u0103ind cu schizofrenia\" srcset=\"https:\/\/psihologterapeutiasi.ro\/wp-content\/uploads\/2025\/03\/Traind-cu-schizofrenia-CARTE-300x300.jpg 300w, https:\/\/psihologterapeutiasi.ro\/wp-content\/uploads\/2025\/03\/Traind-cu-schizofrenia-CARTE-150x150.jpg 150w, https:\/\/psihologterapeutiasi.ro\/wp-content\/uploads\/2025\/03\/Traind-cu-schizofrenia-CARTE-100x100.jpg 100w\" sizes=\"auto, (max-width: 300px) 100vw, 300px\" \/><\/div>\n\t\t\t\t\t<div class=\"wc-block-grid__product-title\">Tr\u0103ind cu schizofrenia<\/div>\n\t\t\t\t<\/a>\n\t\t\t\t<div class=\"wc-block-grid__product-price price\"><span class=\"woocommerce-Price-amount amount\">47,00&nbsp;<span class=\"woocommerce-Price-currencySymbol\">lei<\/span><\/span><\/div>\n\t\t\t\t\n\t\t\t\t<div class=\"wp-block-button wc-block-grid__product-add-to-cart\"><a href=\"\/index.php\/wp-json\/wp\/v2\/pages\/717?add-to-cart=780\" aria-label=\"Adaug\u0103 \u00een co\u0219: &amp;lbquo;Tr\u0103ind cu schizofrenia&rdquo;\" data-quantity=\"1\" data-product_id=\"780\" data-product_sku=\"\" data-price=\"47\" rel=\"nofollow\" class=\"wp-block-button__link  add_to_cart_button ajax_add_to_cart\">Adaug\u0103 \u00een co\u0219<\/a><\/div>\n\t\t\t<\/li><li class=\"wc-block-grid__product\">\n\t\t\t\t<a href=\"https:\/\/psihologterapeutiasi.ro\/index.php\/produs\/infidelitatea-ramanem-sau-plecam\/\" class=\"wc-block-grid__product-link\">\n\t\t\t\t\t\n\t\t\t\t\t<div class=\"wc-block-grid__product-image\"><img loading=\"lazy\" decoding=\"async\" width=\"300\" height=\"300\" src=\"https:\/\/psihologterapeutiasi.ro\/wp-content\/uploads\/2025\/02\/photo_2026-01-02_12-35-40-300x300.jpg\" class=\"attachment-woocommerce_thumbnail size-woocommerce_thumbnail\" alt=\"Infidelitatea \u00een cuplu. R\u0103m\u00e2nem sau plec\u0103m?\" srcset=\"https:\/\/psihologterapeutiasi.ro\/wp-content\/uploads\/2025\/02\/photo_2026-01-02_12-35-40-300x300.jpg 300w, https:\/\/psihologterapeutiasi.ro\/wp-content\/uploads\/2025\/02\/photo_2026-01-02_12-35-40-150x150.jpg 150w, https:\/\/psihologterapeutiasi.ro\/wp-content\/uploads\/2025\/02\/photo_2026-01-02_12-35-40-100x100.jpg 100w\" sizes=\"auto, (max-width: 300px) 100vw, 300px\" \/><\/div>\n\t\t\t\t\t<div class=\"wc-block-grid__product-title\">Infidelitatea. R\u0103m\u00e2nem sau plec\u0103m?<\/div>\n\t\t\t\t<\/a>\n\t\t\t\t<div class=\"wc-block-grid__product-price price\"><span class=\"woocommerce-Price-amount amount\">67,00&nbsp;<span class=\"woocommerce-Price-currencySymbol\">lei<\/span><\/span><\/div>\n\t\t\t\t\n\t\t\t\t<div class=\"wp-block-button wc-block-grid__product-add-to-cart\"><a href=\"\/index.php\/wp-json\/wp\/v2\/pages\/717?add-to-cart=721\" aria-label=\"Adaug\u0103 \u00een co\u0219: &amp;lbquo;Infidelitatea. R\u0103m\u00e2nem sau plec\u0103m?&rdquo;\" data-quantity=\"1\" data-product_id=\"721\" data-product_sku=\"\" data-price=\"67\" rel=\"nofollow\" class=\"wp-block-button__link  add_to_cart_button ajax_add_to_cart\">Adaug\u0103 \u00een co\u0219<\/a><\/div>\n\t\t\t<\/li><\/ul><\/div><\/div>\n<\/div>\n","protected":false},"excerpt":{"rendered":"<p>\nS-ar putea s\u0103 te intereseze&#8230;<\/p>\n<p>\nCo\u0219ul t\u0103u este gol acum!<br \n<\/p>\n","protected":false},"author":1,"featured_media":0,"parent":0,"menu_order":0,"comment_status":"closed","ping_status":"closed","template":"","meta":{"footnotes":""},"class_list":["post-717","page","type-page","status-publish","hentry"],"jetpack_sharing_enabled":true,"_links":{"self":[{"href":"https:\/\/psihologterapeutiasi.ro\/index.php\/wp-json\/wp\/v2\/pages\/717","targetHints":{"allow":["GET"]}}],"collection":[{"href":"https:\/\/psihologterapeutiasi.ro\/index.php\/wp-json\/wp\/v2\/pages"}],"about":[{"href":"https:\/\/psihologterapeutiasi.ro\/index.php\/wp-json\/wp\/v2\/types\/page"}],"author":[{"embeddable":true,"href":"https:\/\/psihologterapeutiasi.ro\/index.php\/wp-json\/wp\/v2\/users\/1"}],"replies":[{"embeddable":true,"href":"https:\/\/psihologterapeutiasi.ro\/index.php\/wp-json\/wp\/v2\/comments?post=717"}],"version-history":[{"count":1,"href":"https:\/\/psihologterapeutiasi.ro\/index.php\/wp-json\/wp\/v2\/pages\/717\/revisions"}],"predecessor-version":[{"id":792,"href":"https:\/\/psihologterapeutiasi.ro\/index.php\/wp-json\/wp\/v2\/pages\/717\/revisions\/792"}],"wp:attachment":[{"href":"https:\/\/psihologterapeutiasi.ro\/index.php\/wp-json\/wp\/v2\/media?parent=717"}],"curies":[{"name":"wp","href":"https:\/\/api.w.org\/{rel}","templated":true}]}}