{"id":721,"date":"2025-02-21T12:10:01","date_gmt":"2025-02-21T12:10:01","guid":{"rendered":"https:\/\/psihologterapeutiasi.ro\/?post_type=product&#038;p=721"},"modified":"2026-01-02T11:01:48","modified_gmt":"2026-01-02T11:01:48","slug":"infidelitatea-ramanem-sau-plecam","status":"publish","type":"product","link":"https:\/\/psihologterapeutiasi.ro\/index.php\/produs\/infidelitatea-ramanem-sau-plecam\/","title":{"rendered":"Infidelitatea. R\u0103m\u00e2nem sau plec\u0103m?"},"content":{"rendered":"<article class=\"w-full text-token-text-primary focus-visible:outline-2 focus-visible:outline-offset-[-4px]\" dir=\"auto\" data-testid=\"conversation-turn-3\" data-scroll-anchor=\"true\">\n<div class=\"m-auto text-base py-[18px] px-6\">\n<div class=\"mx-auto flex flex-1 text-base gap-4 md:gap-5 lg:gap-6 md:max-w-3xl\">\n<div class=\"group\/conversation-turn relative flex w-full min-w-0 flex-col agent-turn @xs\/thread:px-0 @sm\/thread:px-1.5 @md\/thread:px-4\">\n<div class=\"flex-col gap-1 md:gap-3\">\n<div class=\"flex max-w-full flex-col flex-grow\">\n<div class=\"min-h-8 text-message relative flex w-full flex-col items-end gap-2 whitespace-normal break-words text-start [.text-message+&amp;]:mt-5\" dir=\"auto\" data-message-author-role=\"assistant\" data-message-id=\"cf625ffc-f7c1-422d-9ea7-c9bf533b580d\" data-message-model-slug=\"gpt-4o-mini\">\n<div class=\"flex w-full flex-col gap-1 empty:hidden first:pt-[3px]\">\n<div class=\"markdown prose w-full break-words dark:prose-invert light\">\n<p data-start=\"0\" data-end=\"70\"><strong data-start=\"0\" data-end=\"70\">Descoper\u0103 calea spre vindecare \u0219i claritate \u00een fa\u021ba infidelit\u0103\u021bii!<\/strong><\/p>\n<p data-start=\"72\" data-end=\"406\">Te afli \u00eentr-un moment greu \u0219i nu \u0219tii ce direc\u021bie s\u0103 urmezi? Infidelitatea poate ad\u00e2nci durerea \u0219i confuzia, dar este \u0219i o oportunitate de a \u00een\u021belege mai profund ce se \u00eent\u00e2mpl\u0103 \u00een rela\u021bia ta \u0219i \u00een tine \u00eensu\u021bi. Ebook-ul <em data-start=\"292\" data-end=\"322\">\u201eInfidelitatea. R\u0103m\u00e2nem sau plec\u0103m?\u201d<\/em> \u00ee\u021bi ofer\u0103 instrumentele necesare pentru a face fa\u021b\u0103 acestei provoc\u0103ri cu \u00eencredere.<\/p>\n<p data-start=\"408\" data-end=\"735\">Afl\u0103 ce este infidelitatea, cum o po\u021bi recunoa\u0219te \u0219i cum \u00ee\u021bi poate afecta rela\u021bia. Exploreaz\u0103 cauzele profunde ale infidelit\u0103\u021bii \u0219i \u00eenva\u021b\u0103 ce \u00eentreb\u0103ri esen\u021biale s\u0103-\u021bi pui atunci c\u00e2nd te confrun\u021bi cu acest\u0103 problem\u0103. Deschide-\u021bi mintea c\u0103tre diferitele tipuri de infidelitate \u0219i demonteaz\u0103 miturile care pot alimenta confuzia.<\/p>\n<p data-start=\"737\" data-end=\"970\">\u00cen plus, vei descoperi pa\u0219ii necesari pentru a te proteja \u0219i a te vindeca. Cu ajutorul exerci\u021biilor practice incluse, vei \u00eenv\u0103\u021ba s\u0103 \u00ee\u021bi reconsolidezi \u00eencrederea, s\u0103 \u00ee\u021bi clarifici sentimentele \u0219i s\u0103 \u00ee\u021bi reg\u0103se\u0219ti echilibrul emo\u021bional.<\/p>\n<p data-start=\"972\" data-end=\"1164\" data-is-last-node=\"\" data-is-only-node=\"\">Alege acum <em data-start=\"1016\" data-end=\"1046\">\u201eInfidelitatea. R\u0103m\u00e2nem sau plec\u0103?\u201d<\/em> \u0219i porne\u0219te pe drumul vindec\u0103rii, al \u00een\u021belegerii \u0219i al unei rela\u021bii mai puternice, indiferent de ceea ce se \u00eent\u00e2mpl\u0103.<\/p>\n<\/div>\n<h3 data-start=\"200\" data-end=\"248\"><strong data-start=\"204\" data-end=\"248\">\u26a0\ufe0f Informa\u021bii importante despre ebook \u26a0\ufe0f<\/strong><\/h3>\n<p data-start=\"250\" data-end=\"457\">Acest ebook este disponibil <strong data-start=\"278\" data-end=\"318\">doar pentru desc\u0103rcare \u00een format PDF<\/strong>.<br data-start=\"319\" data-end=\"322\" \/>\u2714\ufe0f <strong data-start=\"325\" data-end=\"371\">Este permis\u0103 imprimarea pentru uz personal<\/strong><br data-start=\"371\" data-end=\"374\" \/>\u274c <strong data-start=\"376\" data-end=\"457\">Redistribuirea, partajarea sau distribuirea \u00een orice alt mod NU sunt permise.<\/strong><\/p>\n<p data-start=\"459\" data-end=\"545\"><strong data-start=\"459\" data-end=\"545\">V\u0103 rug\u0103m s\u0103 respecta\u021bi aceste condi\u021bii pentru a asigura integritatea con\u021binutului.<\/strong><\/p>\n<\/div>\n<\/div>\n<\/div>\n<\/div>\n<\/div>\n<\/div>\n<\/div>\n<\/article>\n","protected":false},"excerpt":{"rendered":"<p>\nDescoper\u0103 calea spre vindecare \u0219i claritate \u00een fa\u021ba infidelit\u0103\u021bii!<br \/>\nTe afli \u00eentr-un moment greu \u0219i nu \u0219tii ce direc\u021bie s\u0103 urmezi? Infidelitatea poate ad\u00e2nci durerea \u0219i confuzia, dar este \u0219i o oportunitate de a \u00een\u021belege mai profund ce se \u00eent\u00e2mpl\u0103 \u00een rela\u021bia ta \u0219i \u00een tine <\/p>\n","protected":false},"featured_media":827,"comment_status":"closed","ping_status":"closed","template":"","meta":[],"product_brand":[],"product_cat":[102],"product_tag":[103,104],"class_list":{"0":"post-721","1":"product","2":"type-product","3":"status-publish","4":"has-post-thumbnail","6":"product_cat-ebook","7":"product_tag-ebook","8":"product_tag-infidelitate","10":"first","11":"instock","12":"downloadable","13":"virtual","14":"taxable","15":"purchasable","16":"product-type-simple"},"jetpack_sharing_enabled":true,"_links":{"self":[{"href":"https:\/\/psihologterapeutiasi.ro\/index.php\/wp-json\/wp\/v2\/product\/721","targetHints":{"allow":["GET"]}}],"collection":[{"href":"https:\/\/psihologterapeutiasi.ro\/index.php\/wp-json\/wp\/v2\/product"}],"about":[{"href":"https:\/\/psihologterapeutiasi.ro\/index.php\/wp-json\/wp\/v2\/types\/product"}],"replies":[{"embeddable":true,"href":"https:\/\/psihologterapeutiasi.ro\/index.php\/wp-json\/wp\/v2\/comments?post=721"}],"wp:featuredmedia":[{"embeddable":true,"href":"https:\/\/psihologterapeutiasi.ro\/index.php\/wp-json\/wp\/v2\/media\/827"}],"wp:attachment":[{"href":"https:\/\/psihologterapeutiasi.ro\/index.php\/wp-json\/wp\/v2\/media?parent=721"}],"wp:term":[{"taxonomy":"product_brand","embeddable":true,"href":"https:\/\/psihologterapeutiasi.ro\/index.php\/wp-json\/wp\/v2\/product_brand?post=721"},{"taxonomy":"product_cat","embeddable":true,"href":"https:\/\/psihologterapeutiasi.ro\/index.php\/wp-json\/wp\/v2\/product_cat?post=721"},{"taxonomy":"product_tag","embeddable":true,"href":"https:\/\/psihologterapeutiasi.ro\/index.php\/wp-json\/wp\/v2\/product_tag?post=721"}],"curies":[{"name":"wp","href":"https:\/\/api.w.org\/{rel}","templated":true}]}}