{"id":780,"date":"2025-03-10T16:41:01","date_gmt":"2025-03-10T16:41:01","guid":{"rendered":"https:\/\/psihologterapeutiasi.ro\/?post_type=product&#038;p=780"},"modified":"2026-01-02T11:11:30","modified_gmt":"2026-01-02T11:11:30","slug":"traind-cu-schizofrenia","status":"publish","type":"product","link":"https:\/\/psihologterapeutiasi.ro\/index.php\/produs\/traind-cu-schizofrenia\/","title":{"rendered":"Tr\u0103ind cu schizofrenia"},"content":{"rendered":"<p data-start=\"0\" data-end=\"278\">Cartea \u201eTr\u0103ind cu schizofrenia\u201d, scris\u0103 de Cogian Eliza \u0219i coautoarea Adina Karner-Hu\u021buleac, ofer\u0103 o abordare cuprinz\u0103toare asupra schizofreniei, combin\u00e2nd cercetarea teoretic\u0103, interven\u021biile terapeutice \u0219i exerci\u021biile aplicative pentru pacien\u021bi \u0219i familiile acestora.<\/p>\n<p data-start=\"280\" data-end=\"436\">Cu un con\u021binut destinat at\u00e2t profesioni\u0219tilor din domeniul psihologiei \u0219i psihoterapiei, c\u00e2t \u0219i celor care tr\u0103iesc direct cu schizofrenia, cartea abordeaz\u0103:<\/p>\n<ul data-start=\"437\" data-end=\"722\">\n<li data-start=\"437\" data-end=\"520\">Terapia cognitiv-comportamental\u0103 \u0219i metacognitiv\u0103 pentru ameliorarea simptomelor;<\/li>\n<li data-start=\"521\" data-end=\"582\">Abordarea sistemic\u0103 a familiilor cu un membru diagnosticat;<\/li>\n<li data-start=\"583\" data-end=\"653\">Metode eficiente de \u00eembun\u0103t\u0103\u021bire a calit\u0103\u021bii vie\u021bii pentru pacien\u021bi;<\/li>\n<li data-start=\"654\" data-end=\"722\">Exerci\u021bii practice de auto-ajutor pentru persoanele diagnosticate.<\/li>\n<\/ul>\n<p data-start=\"724\" data-end=\"999\" data-is-last-node=\"\" data-is-only-node=\"\">Cu un accent pe psihoeduca\u021bie \u0219i sprijinul acordat celor afecta\u021bi, \u201eTr\u0103ind cu schizofrenia\u201d devine un ghid valoros at\u00e2t pentru speciali\u0219ti, c\u00e2t \u0219i pentru pacien\u021bi \u0219i familiile acestora, \u00een\u021beleg\u00e2nd mai bine impactul bolii \u0219i oferind solu\u021bii aplicabile pentru o via\u021b\u0103 mai bun\u0103.<\/p>\n","protected":false},"excerpt":{"rendered":"<p>Cartea \u201eTr\u0103ind cu schizofrenia\u201d, scris\u0103 de Cogian Eliza \u0219i coautoarea Adina Karner-Hu\u021buleac, ofer\u0103 o abordare cuprinz\u0103toare asupra schizofreniei, combin\u00e2nd cercetarea teoretic\u0103, interven\u021biile terapeutice \u0219i exerci\u021biile aplicative pentru pacien\u021bi \u0219i familiile acestora.<br \/>\nCu un con\u021binut destinat at\u00e2t profesioni\u0219tilor din domeniul psihologiei \u0219i psihoterapiei, c\u00e2t \u0219i celor care tr\u0103iesc direct cu schizofrenia, cartea abordeaz\u0103:<\/p>\n<p>Terapia cognitiv-comportamental\u0103 <\/p>\n","protected":false},"featured_media":832,"comment_status":"closed","ping_status":"closed","template":"","meta":[],"product_brand":[],"product_cat":[105],"product_tag":[107,106],"class_list":{"0":"post-780","1":"product","2":"type-product","3":"status-publish","4":"has-post-thumbnail","6":"product_cat-carte","7":"product_tag-sanatate-mintala","8":"product_tag-schizofrenie","10":"first","11":"instock","12":"taxable","13":"shipping-taxable","14":"purchasable","15":"product-type-simple"},"jetpack_sharing_enabled":true,"_links":{"self":[{"href":"https:\/\/psihologterapeutiasi.ro\/index.php\/wp-json\/wp\/v2\/product\/780","targetHints":{"allow":["GET"]}}],"collection":[{"href":"https:\/\/psihologterapeutiasi.ro\/index.php\/wp-json\/wp\/v2\/product"}],"about":[{"href":"https:\/\/psihologterapeutiasi.ro\/index.php\/wp-json\/wp\/v2\/types\/product"}],"replies":[{"embeddable":true,"href":"https:\/\/psihologterapeutiasi.ro\/index.php\/wp-json\/wp\/v2\/comments?post=780"}],"wp:featuredmedia":[{"embeddable":true,"href":"https:\/\/psihologterapeutiasi.ro\/index.php\/wp-json\/wp\/v2\/media\/832"}],"wp:attachment":[{"href":"https:\/\/psihologterapeutiasi.ro\/index.php\/wp-json\/wp\/v2\/media?parent=780"}],"wp:term":[{"taxonomy":"product_brand","embeddable":true,"href":"https:\/\/psihologterapeutiasi.ro\/index.php\/wp-json\/wp\/v2\/product_brand?post=780"},{"taxonomy":"product_cat","embeddable":true,"href":"https:\/\/psihologterapeutiasi.ro\/index.php\/wp-json\/wp\/v2\/product_cat?post=780"},{"taxonomy":"product_tag","embeddable":true,"href":"https:\/\/psihologterapeutiasi.ro\/index.php\/wp-json\/wp\/v2\/product_tag?post=780"}],"curies":[{"name":"wp","href":"https:\/\/api.w.org\/{rel}","templated":true}]}}