{"id":804,"date":"2025-03-29T13:06:28","date_gmt":"2025-03-29T13:06:28","guid":{"rendered":"https:\/\/psihologterapeutiasi.ro\/?post_type=product&#038;p=804"},"modified":"2026-01-02T11:09:06","modified_gmt":"2026-01-02T11:09:06","slug":"cum-sa-ti-imbunatatesti-comunicarea-in-cuplu-folosind-cele-5-limbaje-ale-iubirii","status":"publish","type":"product","link":"https:\/\/psihologterapeutiasi.ro\/index.php\/produs\/cum-sa-ti-imbunatatesti-comunicarea-in-cuplu-folosind-cele-5-limbaje-ale-iubirii\/","title":{"rendered":"Manual de traducere \u00een cuplu. De la certuri la conectare"},"content":{"rendered":"<p data-start=\"110\" data-end=\"343\">\u00cen acest eBook, vei \u00eenv\u0103\u021ba cum s\u0103 \u00ee\u021bi descoperi limbajul iubirii \u0219i pe cel al celor din jur \u2013 parteneri, copii sau alte persoane importante din via\u021ba ta \u2013 pentru a \u00eembun\u0103t\u0103\u021bi comunicarea \u0219i a crea leg\u0103turi mai profunde \u0219i autentice.<\/p>\n<p data-start=\"345\" data-end=\"376\"><strong data-start=\"345\" data-end=\"376\">Cum te va ajuta acest ghid?<\/strong><\/p>\n<p data-start=\"378\" data-end=\"692\">Ghidul este u\u0219or de urm\u0103rit \u0219i aplicat, iar \u00een el vei g\u0103si:<br data-start=\"437\" data-end=\"440\" \/>\u2714 Principii simple pentru o comunicare eficient\u0103 \u00een rela\u021biile tale.<br data-start=\"507\" data-end=\"510\" \/>\u2714 Cele 5 limbaje ale iubirii \u0219i cum s\u0103 le folose\u0219ti pentru a te \u00een\u021belege mai bine cu cei din jur.<br data-start=\"607\" data-end=\"610\" \/>\u2714 Exerci\u021bii practice pentru a preveni conflictele \u0219i a \u00eent\u0103ri leg\u0103tura emo\u021bional\u0103.<\/p>\n<p data-start=\"694\" data-end=\"935\">La finalul ebook-ului, vei g\u0103si un <strong data-start=\"729\" data-end=\"776\">Test de identificare a limbajului de iubire<\/strong>, un instrument extrem de util \u0219i benefic pentru a \u00een\u021belege mai bine ce nevoi emo\u021bionale ai \u0219i cum s\u0103 le \u00eempline\u0219ti, at\u00e2t pentru tine, c\u00e2t \u0219i pentru cei dragi.<\/p>\n<p data-start=\"937\" data-end=\"1125\">Indiferent dac\u0103 vrei s\u0103 \u00ee\u021bi \u00eembun\u0103t\u0103\u021be\u0219ti rela\u021bia cu partenerul, copiii sau alte persoane importante din via\u021ba ta, acest ghid te va ajuta s\u0103 creezi conexiuni mai profunde \u0219i mai autentice.<\/p>\n<h3 data-start=\"200\" data-end=\"248\"><strong data-start=\"204\" data-end=\"248\">\u26a0\ufe0f Informa\u021bii importante despre ebook \u26a0\ufe0f<\/strong><\/h3>\n<p data-start=\"250\" data-end=\"457\">Acest ebook este disponibil\u00a0<strong data-start=\"278\" data-end=\"318\">doar pentru desc\u0103rcare \u00een format PDF<\/strong>.<br data-start=\"319\" data-end=\"322\" \/>\u2714\ufe0f\u00a0<strong data-start=\"325\" data-end=\"371\">Este permis\u0103 imprimarea pentru uz personal<\/strong><br data-start=\"371\" data-end=\"374\" \/>\u274c\u00a0<strong data-start=\"376\" data-end=\"457\">Redistribuirea, partajarea sau distribuirea \u00een orice alt mod NU sunt permise.<\/strong><\/p>\n<p data-start=\"459\" data-end=\"545\"><strong data-start=\"459\" data-end=\"545\">V\u0103 rug\u0103m s\u0103 respecta\u021bi aceste condi\u021bii pentru a asigura integritatea con\u021binutului.<\/strong><\/p>\n","protected":false},"excerpt":{"rendered":"<p>\u00cen acest eBook, vei \u00eenv\u0103\u021ba cum s\u0103 \u00ee\u021bi descoperi limbajul iubirii \u0219i pe cel al celor din jur \u2013 parteneri, copii sau alte persoane importante din via\u021ba ta \u2013 pentru a \u00eembun\u0103t\u0103\u021bi comunicarea \u0219i a crea leg\u0103turi mai profunde \u0219i autentice.<br \/>\nCum te va ajuta acest ghid?<br \/>\nGhidul este u\u0219or de urm\u0103rit \u0219i aplicat, iar <\/p>\n","protected":false},"featured_media":830,"comment_status":"closed","ping_status":"closed","template":"","meta":[],"product_brand":[],"product_cat":[102],"product_tag":[109,103,110,108],"class_list":{"0":"post-804","1":"product","2":"type-product","3":"status-publish","4":"has-post-thumbnail","6":"product_cat-ebook","7":"product_tag-comunicare","8":"product_tag-ebook","9":"product_tag-ghid-practic","10":"product_tag-limbajele-iubirii","12":"first","13":"instock","14":"downloadable","15":"virtual","16":"taxable","17":"purchasable","18":"product-type-simple"},"jetpack_sharing_enabled":true,"_links":{"self":[{"href":"https:\/\/psihologterapeutiasi.ro\/index.php\/wp-json\/wp\/v2\/product\/804","targetHints":{"allow":["GET"]}}],"collection":[{"href":"https:\/\/psihologterapeutiasi.ro\/index.php\/wp-json\/wp\/v2\/product"}],"about":[{"href":"https:\/\/psihologterapeutiasi.ro\/index.php\/wp-json\/wp\/v2\/types\/product"}],"replies":[{"embeddable":true,"href":"https:\/\/psihologterapeutiasi.ro\/index.php\/wp-json\/wp\/v2\/comments?post=804"}],"wp:featuredmedia":[{"embeddable":true,"href":"https:\/\/psihologterapeutiasi.ro\/index.php\/wp-json\/wp\/v2\/media\/830"}],"wp:attachment":[{"href":"https:\/\/psihologterapeutiasi.ro\/index.php\/wp-json\/wp\/v2\/media?parent=804"}],"wp:term":[{"taxonomy":"product_brand","embeddable":true,"href":"https:\/\/psihologterapeutiasi.ro\/index.php\/wp-json\/wp\/v2\/product_brand?post=804"},{"taxonomy":"product_cat","embeddable":true,"href":"https:\/\/psihologterapeutiasi.ro\/index.php\/wp-json\/wp\/v2\/product_cat?post=804"},{"taxonomy":"product_tag","embeddable":true,"href":"https:\/\/psihologterapeutiasi.ro\/index.php\/wp-json\/wp\/v2\/product_tag?post=804"}],"curies":[{"name":"wp","href":"https:\/\/api.w.org\/{rel}","templated":true}]}}